{"id":24,"date":"2025-06-12T18:35:44","date_gmt":"2025-06-12T16:35:44","guid":{"rendered":"https:\/\/www.black-standard.com\/?page_id=24"},"modified":"2025-06-24T15:26:50","modified_gmt":"2025-06-24T13:26:50","slug":"private-jet-charter","status":"publish","type":"page","link":"https:\/\/www.black-standard.com\/en\/private-jet-charter\/","title":{"rendered":"Private Jet Charter"},"content":{"rendered":"<div class=\"wp-block-group alignfull blackstandard-text-image-4 has-global-padding is-layout-constrained wp-container-core-group-is-layout-9e8356a7 wp-block-group-is-layout-constrained\" style=\"padding-right:var(--wp--preset--spacing--section-x);padding-left:var(--wp--preset--spacing--section-x)\">\n<figure class=\"wp-block-image size-full is-style-default wp-duotone-unset-1\"><img alt=\"Airplane at sunset on the tarmac\" loading=\"lazy\" decoding=\"async\" width=\"2560\" height=\"1696\" src=\"https:\/\/www.black-standard.com\/wp-content\/uploads\/2025\/06\/baa99a07fe65827f49077018afd201e180c2ba1b.jpg\" class=\"wp-image-165\" srcset=\"https:\/\/www.black-standard.com\/wp-content\/uploads\/2025\/06\/baa99a07fe65827f49077018afd201e180c2ba1b.jpg 2560w, https:\/\/www.black-standard.com\/wp-content\/uploads\/2025\/06\/baa99a07fe65827f49077018afd201e180c2ba1b-300x199.jpg 300w, https:\/\/www.black-standard.com\/wp-content\/uploads\/2025\/06\/baa99a07fe65827f49077018afd201e180c2ba1b-1024x678.jpg 1024w, https:\/\/www.black-standard.com\/wp-content\/uploads\/2025\/06\/baa99a07fe65827f49077018afd201e180c2ba1b-768x509.jpg 768w, https:\/\/www.black-standard.com\/wp-content\/uploads\/2025\/06\/baa99a07fe65827f49077018afd201e180c2ba1b-1536x1018.jpg 1536w, https:\/\/www.black-standard.com\/wp-content\/uploads\/2025\/06\/baa99a07fe65827f49077018afd201e180c2ba1b-2048x1357.jpg 2048w, https:\/\/www.black-standard.com\/wp-content\/uploads\/2025\/06\/baa99a07fe65827f49077018afd201e180c2ba1b-18x12.jpg 18w\" sizes=\"auto, (max-width: 2560px) 100vw, 2560px\" \/><\/figure>\n\n\n\n<div class=\"wp-block-group alignwide has-global-padding is-content-justification-left is-layout-constrained wp-container-core-group-is-layout-bffef2b8 wp-block-group-is-layout-constrained\" style=\"border-right-color:var(--wp--preset--color--base-300);border-right-width:1px;border-left-color:var(--wp--preset--color--base-300);border-left-width:1px;padding-top:var(--wp--preset--spacing--hero);padding-right:var(--wp--preset--spacing--container-x);padding-bottom:var(--wp--preset--spacing--section-y);padding-left:var(--wp--preset--spacing--container-x)\">\n<div class=\"wp-block-group has-global-padding is-content-justification-left is-layout-constrained wp-container-core-group-is-layout-03dfb0e2 wp-block-group-is-layout-constrained\">\n<h1 class=\"wp-block-heading has-text-align-left is-style-h2\" style=\"margin-bottom:40px\">Private Jet Charter \u2013 Your Time. Your Jet. Your Rhythm.<\/h1>\n<\/div>\n\n\n\n<div class=\"wp-block-group alignwide has-global-padding is-content-justification-right is-layout-constrained wp-container-core-group-is-layout-6746e3e7 wp-block-group-is-layout-constrained\">\n<p>At Black Standard, we orchestrate your flights with the utmost precision \u2013 whether it\u2019s a short-haul hop, a transatlantic journey or a complex multi-stop itinerary across continents. We don\u2019t simply charter aircraft \u2013 we craft seamless flight experiences that align perfectly with your lifestyle.<\/p>\n<\/div>\n<\/div>\n<\/div>\n\n\n\n<div class=\"wp-block-group alignfull blackstandard-text-slider has-global-padding is-layout-constrained wp-container-core-group-is-layout-9e8356a7 wp-block-group-is-layout-constrained\" style=\"padding-right:var(--wp--preset--spacing--section-x);padding-left:var(--wp--preset--spacing--section-x)\">\n<div class=\"wp-block-group alignwide has-global-padding is-content-justification-center is-layout-constrained wp-container-core-group-is-layout-7e2e09b3 wp-block-group-is-layout-constrained\" style=\"border-right-color:var(--wp--preset--color--base-300);border-right-width:1px;border-left-color:var(--wp--preset--color--base-300);border-left-width:1px;padding-top:var(--wp--preset--spacing--section-y)\">\n<div class=\"wp-block-blackstandard-text-slider alignwide has-primary-color has-text-color has-link-color has-playfair-display-sc-font-family has-text-slider-font-size wp-elements-4e32ff13ccc4becddca24951c96a5a18\" style=\"font-style:normal;font-weight:900;letter-spacing:3%;line-height:1\"><div class=\"splide\"><div class=\"splide__track\"><ul class=\"splide__list\"><li class=\"splide__slide\"><span class=\"text-transparent whitespace-nowrap break-keep\" style=\"-webkit-text-stroke:2px var(--color-base-300)\">Discreet. Flexible. Global.<\/span><\/li><\/ul><\/div><\/div><\/div>\n<\/div>\n<\/div>\n\n\n\n<div class=\"wp-block-group alignfull blackstandard-text-image-5 has-global-padding is-layout-constrained wp-container-core-group-is-layout-9e8356a7 wp-block-group-is-layout-constrained\" style=\"padding-right:var(--wp--preset--spacing--section-x);padding-left:var(--wp--preset--spacing--section-x)\">\n<figure class=\"wp-block-image size-full is-style-default wp-duotone-unset-2\"><img alt=\"Luxurious interior of a private jet with leather seats.\" loading=\"lazy\" decoding=\"async\" width=\"2560\" height=\"1920\" src=\"https:\/\/www.black-standard.com\/wp-content\/uploads\/2025\/06\/9dec4d3f02a7c69ec831a4881d1972178e2440a0.jpg\" class=\"wp-image-171\" srcset=\"https:\/\/www.black-standard.com\/wp-content\/uploads\/2025\/06\/9dec4d3f02a7c69ec831a4881d1972178e2440a0.jpg 2560w, https:\/\/www.black-standard.com\/wp-content\/uploads\/2025\/06\/9dec4d3f02a7c69ec831a4881d1972178e2440a0-300x225.jpg 300w, https:\/\/www.black-standard.com\/wp-content\/uploads\/2025\/06\/9dec4d3f02a7c69ec831a4881d1972178e2440a0-1024x768.jpg 1024w, https:\/\/www.black-standard.com\/wp-content\/uploads\/2025\/06\/9dec4d3f02a7c69ec831a4881d1972178e2440a0-768x576.jpg 768w, https:\/\/www.black-standard.com\/wp-content\/uploads\/2025\/06\/9dec4d3f02a7c69ec831a4881d1972178e2440a0-1536x1152.jpg 1536w, https:\/\/www.black-standard.com\/wp-content\/uploads\/2025\/06\/9dec4d3f02a7c69ec831a4881d1972178e2440a0-2048x1536.jpg 2048w, https:\/\/www.black-standard.com\/wp-content\/uploads\/2025\/06\/9dec4d3f02a7c69ec831a4881d1972178e2440a0-16x12.jpg 16w\" sizes=\"auto, (max-width: 2560px) 100vw, 2560px\" \/><\/figure>\n\n\n\n<div class=\"wp-block-group alignwide has-global-padding is-content-justification-right is-layout-constrained wp-container-core-group-is-layout-33505610 wp-block-group-is-layout-constrained\" style=\"border-right-color:var(--wp--preset--color--base-300);border-right-width:1px;border-left-color:var(--wp--preset--color--base-300);border-left-width:1px;padding-top:var(--wp--preset--spacing--section-y);padding-right:var(--wp--preset--spacing--container-x);padding-bottom:var(--wp--preset--spacing--section-y);padding-left:var(--wp--preset--spacing--container-x)\">\n<div class=\"wp-block-group has-global-padding is-content-justification-right is-layout-constrained wp-container-core-group-is-layout-591a5665 wp-block-group-is-layout-constrained\">\n<h2 class=\"wp-block-heading has-text-align-left is-style-default\" style=\"margin-bottom:40px\">Our Mission: Your Journey<\/h2>\n\n\n\n<p class=\"has-text-align-left\">A private jet is more than a means of transport \u2013 it is a symbol of efficiency, control and freedom. Whether it\u2019s a board meeting in London, a spontaneous weekend in Saint-Tropez or a month-long family escape to the Maldives \u2013 our Private Jet Charter Service empowers you to make the most of your time and travel entirely on your terms.<\/p>\n<\/div>\n\n\n\n<div class=\"wp-block-group alignwide has-global-padding is-content-justification-left is-layout-constrained wp-container-core-group-is-layout-147d866b wp-block-group-is-layout-constrained\">\n<p>Our experts are at your service around the clock, ensuring every element is flawlessly coordinated \u2013 from chauffeur-driven transfers and tailored onboard catering to bespoke security arrangements and exclusive accommodation bookings.<\/p>\n<\/div>\n<\/div>\n<\/div>\n\n\n\n<div class=\"wp-block-group alignfull blackstandard-text-image-2 has-global-padding is-layout-constrained wp-container-core-group-is-layout-9e8356a7 wp-block-group-is-layout-constrained\" style=\"padding-right:var(--wp--preset--spacing--section-x);padding-left:var(--wp--preset--spacing--section-x)\">\n<figure class=\"wp-block-image size-full is-style-default wp-duotone-unset-3\"><img alt=\"Airplane wings over blue sky and sea\" loading=\"lazy\" decoding=\"async\" width=\"2560\" height=\"1920\" src=\"https:\/\/www.black-standard.com\/wp-content\/uploads\/2025\/06\/1ebd20de1ad21a97c014a43f9389d34ffbd6b136.jpg\" class=\"wp-image-428\" srcset=\"https:\/\/www.black-standard.com\/wp-content\/uploads\/2025\/06\/1ebd20de1ad21a97c014a43f9389d34ffbd6b136.jpg 2560w, https:\/\/www.black-standard.com\/wp-content\/uploads\/2025\/06\/1ebd20de1ad21a97c014a43f9389d34ffbd6b136-300x225.jpg 300w, https:\/\/www.black-standard.com\/wp-content\/uploads\/2025\/06\/1ebd20de1ad21a97c014a43f9389d34ffbd6b136-1024x768.jpg 1024w, https:\/\/www.black-standard.com\/wp-content\/uploads\/2025\/06\/1ebd20de1ad21a97c014a43f9389d34ffbd6b136-768x576.jpg 768w, https:\/\/www.black-standard.com\/wp-content\/uploads\/2025\/06\/1ebd20de1ad21a97c014a43f9389d34ffbd6b136-1536x1152.jpg 1536w, https:\/\/www.black-standard.com\/wp-content\/uploads\/2025\/06\/1ebd20de1ad21a97c014a43f9389d34ffbd6b136-2048x1536.jpg 2048w, https:\/\/www.black-standard.com\/wp-content\/uploads\/2025\/06\/1ebd20de1ad21a97c014a43f9389d34ffbd6b136-16x12.jpg 16w\" sizes=\"auto, (max-width: 2560px) 100vw, 2560px\" \/><\/figure>\n\n\n\n<div class=\"wp-block-group alignwide has-global-padding is-content-justification-left is-layout-constrained wp-container-core-group-is-layout-3369acfe wp-block-group-is-layout-constrained\" style=\"border-right-color:var(--wp--preset--color--base-300);border-right-width:1px;border-left-color:var(--wp--preset--color--base-300);border-left-width:1px;padding-top:var(--wp--preset--spacing--section-y);padding-right:var(--wp--preset--spacing--container-x);padding-bottom:var(--wp--preset--spacing--section-y);padding-left:var(--wp--preset--spacing--container-x)\">\n<div class=\"wp-block-group has-global-padding is-content-justification-left is-layout-constrained wp-container-core-group-is-layout-e14d6149 wp-block-group-is-layout-constrained\" style=\"padding-top:112px\">\n<h2 class=\"wp-block-heading has-text-align-left is-style-default\" style=\"margin-bottom:40px\">Safety &amp; Discretion \u2013 Our Highest Priority<\/h2>\n\n\n\n<p class=\"has-text-align-left\" style=\"margin-bottom:64px\">For our clients, safety and discretion are paramount. That\u2019s why we work exclusively with certified operators and aircraft that meet the most rigorous international safety standards. Your privacy is safeguarded at every stage \u2013 through discreet booking procedures, expertly trained crews, and seamless handling on the ground and in the air. Rely on a service where your security is not merely assured, but instinctively upheld.<\/p>\n<\/div>\n<\/div>\n<\/div>\n\n\n\n<div class=\"wp-block-group alignfull blackstandard-faq has-global-padding is-layout-constrained wp-container-core-group-is-layout-9e8356a7 wp-block-group-is-layout-constrained\" style=\"padding-right:var(--wp--preset--spacing--section-x);padding-left:var(--wp--preset--spacing--section-x)\">\n<figure class=\"wp-block-image size-full is-style-default wp-duotone-unset-4\"><img loading=\"lazy\" decoding=\"async\" width=\"2448\" height=\"2448\" src=\"https:\/\/www.black-standard.com\/wp-content\/uploads\/2025\/06\/48aa53da7cb514a0dc559d872da410ce1ab99fdf.jpg\" alt=\"Red airplane at a cloudy airport\" class=\"wp-image-612\" srcset=\"https:\/\/www.black-standard.com\/wp-content\/uploads\/2025\/06\/48aa53da7cb514a0dc559d872da410ce1ab99fdf.jpg 2448w, https:\/\/www.black-standard.com\/wp-content\/uploads\/2025\/06\/48aa53da7cb514a0dc559d872da410ce1ab99fdf-300x300.jpg 300w, https:\/\/www.black-standard.com\/wp-content\/uploads\/2025\/06\/48aa53da7cb514a0dc559d872da410ce1ab99fdf-1024x1024.jpg 1024w, https:\/\/www.black-standard.com\/wp-content\/uploads\/2025\/06\/48aa53da7cb514a0dc559d872da410ce1ab99fdf-150x150.jpg 150w, https:\/\/www.black-standard.com\/wp-content\/uploads\/2025\/06\/48aa53da7cb514a0dc559d872da410ce1ab99fdf-768x768.jpg 768w, https:\/\/www.black-standard.com\/wp-content\/uploads\/2025\/06\/48aa53da7cb514a0dc559d872da410ce1ab99fdf-1536x1536.jpg 1536w, https:\/\/www.black-standard.com\/wp-content\/uploads\/2025\/06\/48aa53da7cb514a0dc559d872da410ce1ab99fdf-2048x2048.jpg 2048w, https:\/\/www.black-standard.com\/wp-content\/uploads\/2025\/06\/48aa53da7cb514a0dc559d872da410ce1ab99fdf-12x12.jpg 12w\" sizes=\"auto, (max-width: 2448px) 100vw, 2448px\" \/><\/figure>\n\n\n\n<div class=\"wp-block-group alignwide has-global-padding is-content-justification-left is-layout-constrained wp-container-core-group-is-layout-1c1aa011 wp-block-group-is-layout-constrained\" style=\"border-right-color:var(--wp--preset--color--base-300);border-right-width:1px;border-left-color:var(--wp--preset--color--base-300);border-left-width:1px;padding-top:var(--wp--preset--spacing--section-y);padding-right:var(--wp--preset--spacing--container-x);padding-bottom:var(--wp--preset--spacing--section-y);padding-left:var(--wp--preset--spacing--container-x)\">\n<h2 class=\"wp-block-heading alignwide\">Your Benefits with Black Standard<br><\/h2>\n\n\n\n<div class=\"wp-block-group alignwide has-global-padding is-content-justification-right is-layout-constrained wp-container-core-group-is-layout-d460daba wp-block-group-is-layout-constrained\">\n<div class=\"wp-block-blackstandard-accordion collapse collapse-plus border-b border-base-300\"><input type=\"radio\" name=\"accordion-1\" class=\"!py-8 !pl-0\" aria-label=\"Total Flexibility\"\/><div class=\"collapse-title h4 py-8 pl-0\">Total Flexibility<\/div><div class=\"collapse-content px-0\">\n<p>Travel when and where you wish, with no waiting times.\u2028<\/p>\n<\/div><\/div>\n\n\n\n<div class=\"wp-block-blackstandard-accordion collapse collapse-plus border-b border-base-300\"><input type=\"radio\" name=\"accordion-1\" class=\"!py-8 !pl-0\" aria-label=\"Global Access\"\/><div class=\"collapse-title h4 py-8 pl-0\">Global Access<\/div><div class=\"collapse-content px-0\">\n<p>Reach exclusive destinations and enjoy private VIP terminal access.\u2028<\/p>\n<\/div><\/div>\n\n\n\n<div class=\"wp-block-blackstandard-accordion collapse collapse-plus border-b border-base-300\"><input type=\"radio\" name=\"accordion-1\" class=\"!py-8 !pl-0\" aria-label=\"Tailored Services\"\/><div class=\"collapse-title h4 py-8 pl-0\">Tailored Services<\/div><div class=\"collapse-content px-0\">\n<p>From bespoke catering and chauffeur transfers to personalised security arrangements.\u2028<\/p>\n<\/div><\/div>\n\n\n\n<div class=\"wp-block-blackstandard-accordion collapse collapse-plus border-b border-base-300\"><input type=\"radio\" name=\"accordion-1\" class=\"!py-8 !pl-0\" aria-label=\"Maximum Discretion\"\/><div class=\"collapse-title h4 py-8 pl-0\">Maximum Discretion<\/div><div class=\"collapse-content px-0\">\n<p>Your privacy is protected at every level.\u2028<\/p>\n<\/div><\/div>\n\n\n\n<div class=\"wp-block-blackstandard-accordion collapse collapse-plus border-b border-base-300\"><input type=\"radio\" name=\"accordion-1\" class=\"!py-8 !pl-0\" aria-label=\"Certified Safety\"\/><div class=\"collapse-title h4 py-8 pl-0\">Certified Safety<\/div><div class=\"collapse-content px-0\">\n<p>Meticulously maintained aircraft and highly experienced crews.\u2028<\/p>\n<\/div><\/div>\n\n\n\n<div class=\"wp-block-blackstandard-accordion collapse collapse-plus border-b border-base-300\"><input type=\"radio\" name=\"accordion-1\" class=\"!py-8 !pl-0\" aria-label=\"24\/7 Availability\"\/><div class=\"collapse-title h4 py-8 pl-0\">24\/7 Availability<\/div><div class=\"collapse-content px-0\">\n<p>Before, during and after your flight.\u2028<\/p>\n<\/div><\/div>\n\n\n\n<div class=\"wp-block-blackstandard-accordion collapse collapse-plus border-b border-base-300\"><input type=\"radio\" name=\"accordion-1\" class=\"!py-8 !pl-0\" aria-label=\"Expert Guidance\"\/><div class=\"collapse-title h4 py-8 pl-0\">Expert Guidance<\/div><div class=\"collapse-content px-0\">\n<p>Support with complex itineraries, multi-leg journeys, crew changes and clearances.\u2028<\/p>\n<\/div><\/div>\n<\/div>\n<\/div>\n<\/div>\n\n\n\n<div class=\"wp-block-group alignfull blackstandard-text-image-6 has-global-padding is-layout-constrained wp-container-core-group-is-layout-9e8356a7 wp-block-group-is-layout-constrained\" style=\"padding-right:var(--wp--preset--spacing--section-x);padding-left:var(--wp--preset--spacing--section-x)\">\n<figure class=\"wp-block-image size-full is-style-default wp-duotone-unset-5\"><img alt=\"Luxurious van interior with red seats.\" loading=\"lazy\" decoding=\"async\" width=\"2560\" height=\"1707\" src=\"https:\/\/www.black-standard.com\/wp-content\/uploads\/2025\/06\/5eb6fb3e78e8bf93146d2c08a16f8fc9e2196967.jpg\" class=\"wp-image-177\" srcset=\"https:\/\/www.black-standard.com\/wp-content\/uploads\/2025\/06\/5eb6fb3e78e8bf93146d2c08a16f8fc9e2196967.jpg 2560w, https:\/\/www.black-standard.com\/wp-content\/uploads\/2025\/06\/5eb6fb3e78e8bf93146d2c08a16f8fc9e2196967-300x200.jpg 300w, https:\/\/www.black-standard.com\/wp-content\/uploads\/2025\/06\/5eb6fb3e78e8bf93146d2c08a16f8fc9e2196967-1024x683.jpg 1024w, https:\/\/www.black-standard.com\/wp-content\/uploads\/2025\/06\/5eb6fb3e78e8bf93146d2c08a16f8fc9e2196967-768x512.jpg 768w, https:\/\/www.black-standard.com\/wp-content\/uploads\/2025\/06\/5eb6fb3e78e8bf93146d2c08a16f8fc9e2196967-1536x1024.jpg 1536w, https:\/\/www.black-standard.com\/wp-content\/uploads\/2025\/06\/5eb6fb3e78e8bf93146d2c08a16f8fc9e2196967-2048x1366.jpg 2048w, https:\/\/www.black-standard.com\/wp-content\/uploads\/2025\/06\/5eb6fb3e78e8bf93146d2c08a16f8fc9e2196967-18x12.jpg 18w\" sizes=\"auto, (max-width: 2560px) 100vw, 2560px\" \/><\/figure>\n\n\n\n<div class=\"wp-block-group alignwide has-global-padding is-content-justification-right is-layout-constrained wp-container-core-group-is-layout-34e083f9 wp-block-group-is-layout-constrained\" style=\"border-right-color:var(--wp--preset--color--base-300);border-right-width:1px;border-left-color:var(--wp--preset--color--base-300);border-left-width:1px;padding-top:var(--wp--preset--spacing--section-y);padding-right:var(--wp--preset--spacing--container-x);padding-bottom:var(--wp--preset--spacing--section-y);padding-left:var(--wp--preset--spacing--container-x)\">\n<div class=\"wp-block-group has-global-padding is-content-justification-right is-layout-constrained wp-container-core-group-is-layout-faeabe68 wp-block-group-is-layout-constrained\">\n<h2 class=\"wp-block-heading has-text-align-left is-style-default\" style=\"margin-bottom:40px\">Your Journey \u2013 Elevated to the Black Standard<\/h2>\n\n\n\n<p class=\"has-text-align-left\">Experience travel at its highest form. With our Private Jet Charter Service, every journey is designed as a bespoke experience \u2013 discreet, flexible and uncompromisingly exclusive. For us, travel is not simply about getting from A to B. It is the art of fulfilling your wishes with absolute precision and offering you a unique sense of freedom.<\/p>\n<\/div>\n<\/div>\n<\/div>\n\n\n\n<div class=\"wp-block-cover alignfull has-custom-content-position is-position-top-center blackstandard-cta\" style=\"padding-top:0;padding-right:0;padding-bottom:0;padding-left:0;min-height:100%;aspect-ratio:unset;\"><img alt=\"Shadow of vertical lines on a blurred background.\" loading=\"lazy\" decoding=\"async\" width=\"2560\" height=\"1760\" class=\"wp-block-cover__image-background wp-image-116 size-full\" src=\"https:\/\/www.black-standard.com\/wp-content\/uploads\/2025\/06\/b083ea1abc080f0d4008366a9a20510bd6309417.jpg\" style=\"object-position:50% 50%\" data-object-fit=\"cover\" data-object-position=\"50% 50%\" srcset=\"https:\/\/www.black-standard.com\/wp-content\/uploads\/2025\/06\/b083ea1abc080f0d4008366a9a20510bd6309417.jpg 2560w, https:\/\/www.black-standard.com\/wp-content\/uploads\/2025\/06\/b083ea1abc080f0d4008366a9a20510bd6309417-300x206.jpg 300w, https:\/\/www.black-standard.com\/wp-content\/uploads\/2025\/06\/b083ea1abc080f0d4008366a9a20510bd6309417-1024x704.jpg 1024w, https:\/\/www.black-standard.com\/wp-content\/uploads\/2025\/06\/b083ea1abc080f0d4008366a9a20510bd6309417-768x528.jpg 768w, https:\/\/www.black-standard.com\/wp-content\/uploads\/2025\/06\/b083ea1abc080f0d4008366a9a20510bd6309417-1536x1056.jpg 1536w, https:\/\/www.black-standard.com\/wp-content\/uploads\/2025\/06\/b083ea1abc080f0d4008366a9a20510bd6309417-2048x1408.jpg 2048w, https:\/\/www.black-standard.com\/wp-content\/uploads\/2025\/06\/b083ea1abc080f0d4008366a9a20510bd6309417-18x12.jpg 18w\" sizes=\"auto, (max-width: 2560px) 100vw, 2560px\" \/><span aria-hidden=\"true\" class=\"wp-block-cover__background has-black-background-color has-background-dim-60 has-background-dim\"><\/span><div class=\"wp-block-cover__inner-container has-global-padding is-layout-constrained wp-container-core-cover-is-layout-639b5052 wp-block-cover-is-layout-constrained\">\n<div class=\"wp-block-group alignfull has-global-padding is-layout-constrained wp-container-core-group-is-layout-9e8356a7 wp-block-group-is-layout-constrained\" style=\"padding-right:var(--wp--preset--spacing--section-x);padding-left:var(--wp--preset--spacing--section-x)\">\n<div class=\"wp-block-group alignwide has-global-padding is-layout-constrained wp-container-core-group-is-layout-0bdc6b1a wp-block-group-is-layout-constrained\" style=\"border-right-color:var(--wp--preset--color--base-300);border-right-width:1px;border-left-color:var(--wp--preset--color--base-300);border-left-width:1px;padding-top:var(--wp--preset--spacing--section-y);padding-right:var(--wp--preset--spacing--container-x);padding-bottom:var(--wp--preset--spacing--section-y);padding-left:var(--wp--preset--spacing--container-x)\">\n<h2 class=\"wp-block-heading has-text-align-center is-style-default\" style=\"margin-bottom:40px\">Request a jet now - worldwide &amp; confidential<\/h2>\n\n\n\n<div class=\"wp-block-buttons alignfull is-content-justification-center is-layout-flex wp-container-core-buttons-is-layout-a89b3969 wp-block-buttons-is-layout-flex\">\n<div class=\"wp-block-button is-style-primary\"><a class=\"wp-block-button__link has-text-align-center wp-element-button\" href=\"https:\/\/www.black-standard.com\/en\/contact\/\">Check Availability<\/a><\/div>\n<\/div>\n<\/div>\n<\/div>\n<\/div><\/div>","protected":false},"excerpt":{"rendered":"<p>Privatjet mieten \u2013 Ihre Zeit. Ihr Jet. Ihr Rhythmus. Black Standard organisiert Ihre Fl\u00fcge mit h\u00f6chster Pr\u00e4zision \u2013 egal ob Kurzstrecke, Transatlantikflug oder weltweite Multi-Stop-Reise. Wir chartern nicht einfach Flugzeuge \u2013 wir orchestrieren Flugerlebnisse, die sich nahtlos in Ihren Alltag integrieren. Unsere Mission: Ihre Reise Ein Privatjet ist mehr als ein Transportmittel \u2013 er ist [&hellip;]<\/p>\n","protected":false},"author":1,"featured_media":0,"parent":0,"menu_order":0,"comment_status":"closed","ping_status":"closed","template":"","meta":{"_seopress_robots_primary_cat":"","_seopress_titles_title":"Privatjet mieten - Exklusive Reisen f\u00fcr h\u00f6chste Anspr\u00fcche %%sep%% %%sitetitle%%","_seopress_titles_desc":"Erleben Sie Private Jet Charter auf h\u00f6chstem Niveau \u2013 individuell, sicher und kompromisslos exklusiv. %%sitetitle%% bietet ma\u00dfgeschneiderte Flugl\u00f6sungen f\u00fcr UHNWIs, Family Offices und Top-Manager weltweit.\u2028","_seopress_robots_index":"","footnotes":""},"class_list":["post-24","page","type-page","status-publish","hentry"],"_links":{"self":[{"href":"https:\/\/www.black-standard.com\/en\/wp-json\/wp\/v2\/pages\/24","targetHints":{"allow":["GET"]}}],"collection":[{"href":"https:\/\/www.black-standard.com\/en\/wp-json\/wp\/v2\/pages"}],"about":[{"href":"https:\/\/www.black-standard.com\/en\/wp-json\/wp\/v2\/types\/page"}],"author":[{"embeddable":true,"href":"https:\/\/www.black-standard.com\/en\/wp-json\/wp\/v2\/users\/1"}],"replies":[{"embeddable":true,"href":"https:\/\/www.black-standard.com\/en\/wp-json\/wp\/v2\/comments?post=24"}],"version-history":[{"count":0,"href":"https:\/\/www.black-standard.com\/en\/wp-json\/wp\/v2\/pages\/24\/revisions"}],"wp:attachment":[{"href":"https:\/\/www.black-standard.com\/en\/wp-json\/wp\/v2\/media?parent=24"}],"curies":[{"name":"wp","href":"https:\/\/api.w.org\/{rel}","templated":true}]}}