{"id":30,"date":"2025-06-12T18:36:07","date_gmt":"2025-06-12T16:36:07","guid":{"rendered":"https:\/\/www.black-standard.com\/?page_id=30"},"modified":"2025-06-24T15:29:30","modified_gmt":"2025-06-24T13:29:30","slug":"concierge-service","status":"publish","type":"page","link":"https:\/\/www.black-standard.com\/en\/concierge-service\/","title":{"rendered":"Concierge service"},"content":{"rendered":"<div class=\"wp-block-group alignfull blackstandard-text-image-7 has-global-padding is-layout-constrained wp-container-core-group-is-layout-9e8356a7 wp-block-group-is-layout-constrained\" style=\"padding-right:var(--wp--preset--spacing--section-x);padding-left:var(--wp--preset--spacing--section-x)\">\n<figure class=\"wp-block-image size-full is-style-default wp-duotone-unset-1\"><img alt=\"\" loading=\"lazy\" decoding=\"async\" width=\"1707\" height=\"1280\" src=\"https:\/\/www.black-standard.com\/wp-content\/uploads\/2025\/06\/615812994075ef229e5584548bc2f012bbd66f86-edited.jpg\" class=\"wp-image-637\" srcset=\"https:\/\/www.black-standard.com\/wp-content\/uploads\/2025\/06\/615812994075ef229e5584548bc2f012bbd66f86-edited.jpg 1707w, https:\/\/www.black-standard.com\/wp-content\/uploads\/2025\/06\/615812994075ef229e5584548bc2f012bbd66f86-edited-300x225.jpg 300w, https:\/\/www.black-standard.com\/wp-content\/uploads\/2025\/06\/615812994075ef229e5584548bc2f012bbd66f86-edited-1024x768.jpg 1024w, https:\/\/www.black-standard.com\/wp-content\/uploads\/2025\/06\/615812994075ef229e5584548bc2f012bbd66f86-edited-768x576.jpg 768w, https:\/\/www.black-standard.com\/wp-content\/uploads\/2025\/06\/615812994075ef229e5584548bc2f012bbd66f86-edited-1536x1152.jpg 1536w, https:\/\/www.black-standard.com\/wp-content\/uploads\/2025\/06\/615812994075ef229e5584548bc2f012bbd66f86-edited-16x12.jpg 16w\" sizes=\"auto, (max-width: 1707px) 100vw, 1707px\" \/><\/figure>\n\n\n\n<div class=\"wp-block-group alignwide has-global-padding is-content-justification-right is-layout-constrained wp-container-core-group-is-layout-2699ea78 wp-block-group-is-layout-constrained\" style=\"border-right-color:var(--wp--preset--color--base-300);border-right-width:1px;border-left-color:var(--wp--preset--color--base-300);border-left-width:1px;padding-top:var(--wp--preset--spacing--hero);padding-right:var(--wp--preset--spacing--container-x);padding-bottom:var(--wp--preset--spacing--section-y);padding-left:var(--wp--preset--spacing--container-x)\">\n<div class=\"wp-block-group has-global-padding is-content-justification-right is-layout-constrained wp-container-core-group-is-layout-595ecdb8 wp-block-group-is-layout-constrained\">\n<h1 class=\"wp-block-heading has-text-align-left is-style-h2\" style=\"margin-bottom:40px\">Concierge Service \u2013 Discreet. Personal. Without Limits.<\/h1>\n<\/div>\n\n\n\n<div class=\"wp-block-group alignwide has-global-padding is-content-justification-left is-layout-constrained wp-container-core-group-is-layout-b87f44c3 wp-block-group-is-layout-constrained\">\n<p>For those who see luxury not as an indulgence, but as a standard, daily life is often as demanding as it is extraordinary. Our exclusive Concierge Service is designed to simplify your world \u2013 freeing you to focus on what truly matters: your business, your family, your personal ambitions. We respond swiftly, act quietly, and always think ahead.<\/p>\n<\/div>\n<\/div>\n<\/div>\n\n\n\n<div class=\"wp-block-group alignfull blackstandard-text-slider has-global-padding is-layout-constrained wp-container-core-group-is-layout-9e8356a7 wp-block-group-is-layout-constrained\" style=\"padding-right:var(--wp--preset--spacing--section-x);padding-left:var(--wp--preset--spacing--section-x)\">\n<div class=\"wp-block-group alignwide has-global-padding is-content-justification-center is-layout-constrained wp-container-core-group-is-layout-c54b21ff wp-block-group-is-layout-constrained\" style=\"border-right-color:var(--wp--preset--color--base-300);border-right-width:1px;border-left-color:var(--wp--preset--color--base-300);border-left-width:1px;padding-top:var(--wp--preset--spacing--section-y)\">\n<div class=\"wp-block-blackstandard-text-slider alignwide has-primary-color has-text-color has-link-color has-playfair-display-sc-font-family wp-elements-8cd73041e8c98e01dbef3efe9ab2f929\" style=\"font-size:208px;font-style:normal;font-weight:900;letter-spacing:3%;line-height:1\"><div class=\"splide\"><div class=\"splide__track\"><ul class=\"splide__list\"><li class=\"splide__slide\"><span class=\"text-transparent whitespace-nowrap break-keep\" style=\"-webkit-text-stroke:2px var(--color-base-300)\">One Call. One Message. Everything Arranged.\u2028<\/span><\/li><\/ul><\/div><\/div><\/div>\n<\/div>\n<\/div>\n\n\n\n<div class=\"wp-block-group alignfull blackstandard-text-image-9 has-global-padding is-layout-constrained wp-container-core-group-is-layout-9e8356a7 wp-block-group-is-layout-constrained\" style=\"padding-right:var(--wp--preset--spacing--section-x);padding-left:var(--wp--preset--spacing--section-x)\">\n<figure class=\"wp-block-image size-full is-style-default wp-duotone-unset-2\"><img alt=\"Man in a suit, buttoning his jacket.\" loading=\"lazy\" decoding=\"async\" width=\"1707\" height=\"2560\" src=\"https:\/\/www.black-standard.com\/wp-content\/uploads\/2025\/06\/63738bd28d6a1a28959e3bafbd2014ce3171ed1c.jpg\" class=\"wp-image-191\" srcset=\"https:\/\/www.black-standard.com\/wp-content\/uploads\/2025\/06\/63738bd28d6a1a28959e3bafbd2014ce3171ed1c.jpg 1707w, https:\/\/www.black-standard.com\/wp-content\/uploads\/2025\/06\/63738bd28d6a1a28959e3bafbd2014ce3171ed1c-200x300.jpg 200w, https:\/\/www.black-standard.com\/wp-content\/uploads\/2025\/06\/63738bd28d6a1a28959e3bafbd2014ce3171ed1c-683x1024.jpg 683w, https:\/\/www.black-standard.com\/wp-content\/uploads\/2025\/06\/63738bd28d6a1a28959e3bafbd2014ce3171ed1c-768x1152.jpg 768w, https:\/\/www.black-standard.com\/wp-content\/uploads\/2025\/06\/63738bd28d6a1a28959e3bafbd2014ce3171ed1c-1024x1536.jpg 1024w, https:\/\/www.black-standard.com\/wp-content\/uploads\/2025\/06\/63738bd28d6a1a28959e3bafbd2014ce3171ed1c-1366x2048.jpg 1366w, https:\/\/www.black-standard.com\/wp-content\/uploads\/2025\/06\/63738bd28d6a1a28959e3bafbd2014ce3171ed1c-8x12.jpg 8w\" sizes=\"auto, (max-width: 1707px) 100vw, 1707px\" \/><\/figure>\n\n\n\n<div class=\"wp-block-group alignwide has-global-padding is-content-justification-right is-layout-constrained wp-container-core-group-is-layout-e2734bc0 wp-block-group-is-layout-constrained\" style=\"border-right-color:var(--wp--preset--color--base-300);border-right-width:1px;border-left-color:var(--wp--preset--color--base-300);border-left-width:1px;padding-right:var(--wp--preset--spacing--container-x);padding-bottom:var(--wp--preset--spacing--section-y);padding-left:var(--wp--preset--spacing--container-x)\">\n<div class=\"wp-block-group has-global-padding is-content-justification-right is-layout-constrained wp-container-core-group-is-layout-591a5665 wp-block-group-is-layout-constrained\">\n<h2 class=\"wp-block-heading has-text-align-left is-style-default\" style=\"margin-bottom:40px\">Tailored Support for a Demanding Lifestyle<\/h2>\n\n\n\n<p>Our clients value one thing above all: a discreet, highly professional service that fits seamlessly into their lives. Whether it\u2019s securing a table at the city\u2019s most sought-after restaurant, arranging a private helicopter transfer, organising a spontaneous jet flight or coordinating security for a high-profile event \u2013 we execute every request with absolute precision. Your needs are our priority.<\/p>\n<\/div>\n\n\n\n<div class=\"wp-block-group alignwide has-global-padding is-content-justification-left is-layout-constrained wp-container-core-group-is-layout-147d866b wp-block-group-is-layout-constrained\">\n<p>Our services also include medical coordination, spa bookings, personal hosts, bodyguards, shopping concierge, contingency planning and much more. If it can be imagined, it can be realised.<\/p>\n<\/div>\n<\/div>\n<\/div>\n\n\n\n<div class=\"wp-block-group alignfull blackstandard-text-image-4 has-global-padding is-layout-constrained wp-container-core-group-is-layout-9e8356a7 wp-block-group-is-layout-constrained\" style=\"padding-right:var(--wp--preset--spacing--section-x);padding-left:var(--wp--preset--spacing--section-x)\">\n<figure class=\"wp-block-image size-full is-style-default wp-duotone-unset-3\"><img alt=\"Racing cars on the race track\" loading=\"lazy\" decoding=\"async\" width=\"2560\" height=\"1498\" src=\"https:\/\/www.black-standard.com\/wp-content\/uploads\/2025\/06\/1e4927a3dea62031700e4a96ba5d3dbe7f565e6d.jpg\" class=\"wp-image-468\" srcset=\"https:\/\/www.black-standard.com\/wp-content\/uploads\/2025\/06\/1e4927a3dea62031700e4a96ba5d3dbe7f565e6d.jpg 2560w, https:\/\/www.black-standard.com\/wp-content\/uploads\/2025\/06\/1e4927a3dea62031700e4a96ba5d3dbe7f565e6d-300x176.jpg 300w, https:\/\/www.black-standard.com\/wp-content\/uploads\/2025\/06\/1e4927a3dea62031700e4a96ba5d3dbe7f565e6d-1024x599.jpg 1024w, https:\/\/www.black-standard.com\/wp-content\/uploads\/2025\/06\/1e4927a3dea62031700e4a96ba5d3dbe7f565e6d-768x449.jpg 768w, https:\/\/www.black-standard.com\/wp-content\/uploads\/2025\/06\/1e4927a3dea62031700e4a96ba5d3dbe7f565e6d-1536x899.jpg 1536w, https:\/\/www.black-standard.com\/wp-content\/uploads\/2025\/06\/1e4927a3dea62031700e4a96ba5d3dbe7f565e6d-2048x1198.jpg 2048w, https:\/\/www.black-standard.com\/wp-content\/uploads\/2025\/06\/1e4927a3dea62031700e4a96ba5d3dbe7f565e6d-18x12.jpg 18w\" sizes=\"auto, (max-width: 2560px) 100vw, 2560px\" \/><\/figure>\n\n\n\n<div class=\"wp-block-group alignwide has-global-padding is-content-justification-left is-layout-constrained wp-container-core-group-is-layout-7e61c5e9 wp-block-group-is-layout-constrained\" style=\"border-right-color:var(--wp--preset--color--base-300);border-right-width:1px;border-left-color:var(--wp--preset--color--base-300);border-left-width:1px;padding-top:var(--wp--preset--spacing--section-y);padding-right:var(--wp--preset--spacing--container-x);padding-bottom:var(--wp--preset--spacing--section-y);padding-left:var(--wp--preset--spacing--container-x)\">\n<div class=\"wp-block-group has-global-padding is-content-justification-left is-layout-constrained wp-container-core-group-is-layout-03dfb0e2 wp-block-group-is-layout-constrained\">\n<h2 class=\"wp-block-heading has-text-align-left is-style-default\" style=\"margin-bottom:40px\">Your Expectations Are Our Standard<\/h2>\n<\/div>\n\n\n\n<div class=\"wp-block-group alignwide has-global-padding is-content-justification-right is-layout-constrained wp-container-core-group-is-layout-6746e3e7 wp-block-group-is-layout-constrained\">\n<p>Our dedicated concierge experts are available around the clock. We understand that your time is your most valuable asset \u2013 which is why we manage your travel, meetings and lifestyle logistics with seamless efficiency and absolute discretion. Every interaction with us is built on trust, reliability and uncompromising quality.<\/p>\n<\/div>\n<\/div>\n<\/div>\n\n\n\n<div class=\"wp-block-group alignfull blackstandard-text-logo has-global-padding is-layout-constrained wp-container-core-group-is-layout-9e8356a7 wp-block-group-is-layout-constrained\" style=\"padding-right:var(--wp--preset--spacing--section-x);padding-left:var(--wp--preset--spacing--section-x)\">\n<div class=\"wp-block-group alignwide has-global-padding is-content-justification-right is-layout-constrained wp-container-core-group-is-layout-34e083f9 wp-block-group-is-layout-constrained\" style=\"border-right-color:var(--wp--preset--color--base-300);border-right-width:1px;border-left-color:var(--wp--preset--color--base-300);border-left-width:1px;padding-top:var(--wp--preset--spacing--section-y);padding-right:var(--wp--preset--spacing--container-x);padding-bottom:var(--wp--preset--spacing--section-y);padding-left:var(--wp--preset--spacing--container-x)\">\n<div class=\"wp-block-columns alignwide is-layout-flex wp-container-core-columns-is-layout-28f84493 wp-block-columns-is-layout-flex\">\n<div class=\"wp-block-column is-layout-flow wp-block-column-is-layout-flow\">\n<div class=\"wp-block-group is-content-justification-center is-nowrap is-layout-flex wp-container-core-group-is-layout-23441af8 wp-block-group-is-layout-flex\">\n<svg width=\"312\" height=\"312\" style=\"opacity: 10%;\" viewbox=\"0 0 50 49\" fill=\"none\" xmlns=\"http:\/\/www.w3.org\/2000\/svg\">\n<path d=\"M37.7071 21.0944H37.705C36.4264 16.6307 32.8423 13.1234 28.3227 11.9359L25.7763 3.26721L24.9389 0.417236L21.555 11.9338C21.555 11.9338 21.555 11.9338 21.5529 11.9338C17.0312 13.1213 13.4471 16.6286 12.1664 21.0923L3.71533 23.5521L0.849304 24.3855L11.9874 27.6277C13.0955 32.4901 16.9033 36.3452 21.7553 37.5348C21.7553 37.5348 21.7553 37.5348 21.7575 37.5348L24.0993 45.5037L24.9368 48.3537L28.116 37.5327C32.9659 36.3388 36.7759 32.4858 37.8797 27.6256H37.8818L46.1582 25.2167L49.0221 24.3833L37.7028 21.0902L37.7071 21.0944ZM24.9368 3.80371V11.4991C24.9368 11.4991 24.9367 11.4991 24.9346 11.4991V12.5233C24.9346 12.5233 24.9346 12.5233 24.9368 12.5233V21.1729L21.7127 14.771L22.2881 12.8117L22.6141 11.7026L24.9346 3.80371H24.9368ZM11.6635 24.3876H21.7063L15.2732 27.5959L12.8888 26.9025L11.7935 26.5844L4.25018 24.3897H11.6614L11.6635 24.3876ZM24.9368 44.9736V27.6044L28.1586 34.0063L27.3809 36.6527C27.3809 36.6527 27.3809 36.6527 27.3787 36.6527L27.0548 37.7511C27.0548 37.7511 27.0548 37.7511 27.057 37.7511L24.9346 44.9736H24.9368ZM28.457 36.3834L29.1836 33.913L24.9389 25.4796L22.1027 31.1117L20.6942 33.913L21.4208 36.3834C21.4208 36.3834 21.4208 36.3834 21.4187 36.3834C17.4084 35.1831 14.2568 31.9875 13.1338 27.9607H13.1359L15.367 28.6117L23.8415 24.3876L18.1819 21.5652L15.367 20.1614L13.3576 20.7467H13.3554C14.6105 17.1248 17.5341 14.2706 21.2098 13.1001C21.2098 13.1001 21.2098 13.1001 21.212 13.1001L20.6942 14.8622L24.9389 23.2955L27.7751 17.6634L29.1857 14.8622L28.6679 13.1022C32.3394 14.2748 35.263 17.1269 36.5181 20.7467L34.5129 20.1635L26.0384 24.3876L31.698 27.21L34.5129 28.6117L36.7397 27.9628C35.6188 31.9875 32.4694 35.181 28.4591 36.3834H28.457ZM38.2036 24.3876H28.1672L34.6003 21.1792L36.8334 21.8281L37.9607 22.1568H37.9628L45.6212 24.3876H38.2036Z\" fill=\"white\"\/>\n<\/svg>\n<\/div>\n<\/div>\n\n\n\n<div class=\"wp-block-column is-layout-flow wp-container-core-column-is-layout-c6626a78 wp-block-column-is-layout-flow\">\n<h2 class=\"wp-block-heading\">Why BLACK STANDARD?<\/h2>\n\n\n\n<p>Because we understand that time is a luxury money can\u2019t buy \u2013 but with the right support, you can reclaim it. Our Concierge Service is not merely a service; it is a personal ally who turns the impossible into the effortless. With a global network, years of experience and unwavering discretion, we shape your daily life to reflect your lifestyle \u2013 flawlessly.<\/p>\n<\/div>\n<\/div>\n<\/div>\n<\/div>\n\n\n\n<div class=\"wp-block-group alignfull blackstandard-faq has-global-padding is-layout-constrained wp-container-core-group-is-layout-9e8356a7 wp-block-group-is-layout-constrained\" style=\"padding-right:var(--wp--preset--spacing--section-x);padding-left:var(--wp--preset--spacing--section-x)\">\n<figure class=\"wp-block-image size-full is-style-default wp-duotone-unset-4\"><img alt=\"Sports car steering wheel with brand logo\" loading=\"lazy\" decoding=\"async\" width=\"1703\" height=\"2560\" src=\"https:\/\/www.black-standard.com\/wp-content\/uploads\/2025\/06\/7db15d9bbc5f73eafdb6bb63362262c630d05c5b.jpg\" class=\"wp-image-471\" srcset=\"https:\/\/www.black-standard.com\/wp-content\/uploads\/2025\/06\/7db15d9bbc5f73eafdb6bb63362262c630d05c5b.jpg 1703w, https:\/\/www.black-standard.com\/wp-content\/uploads\/2025\/06\/7db15d9bbc5f73eafdb6bb63362262c630d05c5b-200x300.jpg 200w, https:\/\/www.black-standard.com\/wp-content\/uploads\/2025\/06\/7db15d9bbc5f73eafdb6bb63362262c630d05c5b-681x1024.jpg 681w, https:\/\/www.black-standard.com\/wp-content\/uploads\/2025\/06\/7db15d9bbc5f73eafdb6bb63362262c630d05c5b-768x1154.jpg 768w, https:\/\/www.black-standard.com\/wp-content\/uploads\/2025\/06\/7db15d9bbc5f73eafdb6bb63362262c630d05c5b-1022x1536.jpg 1022w, https:\/\/www.black-standard.com\/wp-content\/uploads\/2025\/06\/7db15d9bbc5f73eafdb6bb63362262c630d05c5b-1362x2048.jpg 1362w, https:\/\/www.black-standard.com\/wp-content\/uploads\/2025\/06\/7db15d9bbc5f73eafdb6bb63362262c630d05c5b-8x12.jpg 8w\" sizes=\"auto, (max-width: 1703px) 100vw, 1703px\" \/><\/figure>\n\n\n\n<div class=\"wp-block-group alignwide has-global-padding is-content-justification-left is-layout-constrained wp-container-core-group-is-layout-1c1aa011 wp-block-group-is-layout-constrained\" style=\"border-right-color:var(--wp--preset--color--base-300);border-right-width:1px;border-left-color:var(--wp--preset--color--base-300);border-left-width:1px;padding-top:var(--wp--preset--spacing--section-y);padding-right:var(--wp--preset--spacing--container-x);padding-bottom:var(--wp--preset--spacing--section-y);padding-left:var(--wp--preset--spacing--container-x)\">\n<h2 class=\"wp-block-heading alignwide\">Your Advantages at a Glance<\/h2>\n\n\n\n<div class=\"wp-block-group alignwide has-global-padding is-content-justification-right is-layout-constrained wp-container-core-group-is-layout-d460daba wp-block-group-is-layout-constrained\">\n<div class=\"wp-block-blackstandard-accordion collapse collapse-plus border-b border-base-300\"><input type=\"radio\" name=\"accordion-1\" class=\"!py-8 !pl-0\" aria-label=\"24\/7 Availability\"\/><div class=\"collapse-title h4 py-8 pl-0\">24\/7 Availability<\/div><div class=\"collapse-content px-0\">\n<p>Your personal contact is always at hand\u2028.<\/p>\n<\/div><\/div>\n\n\n\n<div class=\"wp-block-blackstandard-accordion collapse collapse-plus border-b border-base-300\"><input type=\"radio\" name=\"accordion-1\" class=\"!py-8 !pl-0\" aria-label=\"Bespoke Services\"\/><div class=\"collapse-title h4 py-8 pl-0\">Bespoke Services<\/div><div class=\"collapse-content px-0\">\n<p>From travel planning to lifestyle consultancy\u2028<\/p>\n<\/div><\/div>\n\n\n\n<div class=\"wp-block-blackstandard-accordion collapse collapse-plus border-b border-base-300\"><input type=\"radio\" name=\"accordion-1\" class=\"!py-8 !pl-0\" aria-label=\"Privileged Access\"\/><div class=\"collapse-title h4 py-8 pl-0\">Privileged Access<\/div><div class=\"collapse-content px-0\">\n<p>VIP bookings, exclusive events and luxury travel worldwide\u2028<\/p>\n<\/div><\/div>\n\n\n\n<div class=\"wp-block-blackstandard-accordion collapse collapse-plus border-b border-base-300\"><input type=\"radio\" name=\"accordion-1\" class=\"!py-8 !pl-0\" aria-label=\"Discretion &amp; Confidentiality\"\/><div class=\"collapse-title h4 py-8 pl-0\">Discretion &amp; confidentiality<\/div><div class=\"collapse-content px-0\">\n<p>Your privacy protected at every level\u2028<\/p>\n<\/div><\/div>\n\n\n\n<div class=\"wp-block-blackstandard-accordion collapse collapse-plus border-b border-base-300\"><input type=\"radio\" name=\"accordion-1\" class=\"!py-8 !pl-0\" aria-label=\"Expertise &amp; Network\"\/><div class=\"collapse-title h4 py-8 pl-0\">Experience &amp; network<\/div><div class=\"collapse-content px-0\">\n<p>Years of experience in serving UHNWIs\u2028<\/p>\n<\/div><\/div>\n<\/div>\n<\/div>\n<\/div>\n\n\n\n<div class=\"wp-block-cover alignfull has-custom-content-position is-position-top-center blackstandard-cta\" style=\"padding-top:0;padding-right:0;padding-bottom:0;padding-left:0;min-height:100%;aspect-ratio:unset;\"><img alt=\"Shadow of vertical lines on a blurred background.\" loading=\"lazy\" decoding=\"async\" width=\"2560\" height=\"1760\" class=\"wp-block-cover__image-background wp-image-116 size-full\" src=\"https:\/\/www.black-standard.com\/wp-content\/uploads\/2025\/06\/b083ea1abc080f0d4008366a9a20510bd6309417.jpg\" style=\"object-position:50% 50%\" data-object-fit=\"cover\" data-object-position=\"50% 50%\" srcset=\"https:\/\/www.black-standard.com\/wp-content\/uploads\/2025\/06\/b083ea1abc080f0d4008366a9a20510bd6309417.jpg 2560w, https:\/\/www.black-standard.com\/wp-content\/uploads\/2025\/06\/b083ea1abc080f0d4008366a9a20510bd6309417-300x206.jpg 300w, https:\/\/www.black-standard.com\/wp-content\/uploads\/2025\/06\/b083ea1abc080f0d4008366a9a20510bd6309417-1024x704.jpg 1024w, https:\/\/www.black-standard.com\/wp-content\/uploads\/2025\/06\/b083ea1abc080f0d4008366a9a20510bd6309417-768x528.jpg 768w, https:\/\/www.black-standard.com\/wp-content\/uploads\/2025\/06\/b083ea1abc080f0d4008366a9a20510bd6309417-1536x1056.jpg 1536w, https:\/\/www.black-standard.com\/wp-content\/uploads\/2025\/06\/b083ea1abc080f0d4008366a9a20510bd6309417-2048x1408.jpg 2048w, https:\/\/www.black-standard.com\/wp-content\/uploads\/2025\/06\/b083ea1abc080f0d4008366a9a20510bd6309417-18x12.jpg 18w\" sizes=\"auto, (max-width: 2560px) 100vw, 2560px\" \/><span aria-hidden=\"true\" class=\"wp-block-cover__background has-black-background-color has-background-dim-60 has-background-dim\"><\/span><div class=\"wp-block-cover__inner-container has-global-padding is-layout-constrained wp-container-core-cover-is-layout-639b5052 wp-block-cover-is-layout-constrained\">\n<div class=\"wp-block-group alignfull has-global-padding is-layout-constrained wp-container-core-group-is-layout-9e8356a7 wp-block-group-is-layout-constrained\" style=\"padding-right:var(--wp--preset--spacing--section-x);padding-left:var(--wp--preset--spacing--section-x)\">\n<div class=\"wp-block-group alignwide has-global-padding is-layout-constrained wp-container-core-group-is-layout-0bdc6b1a wp-block-group-is-layout-constrained\" style=\"border-right-color:var(--wp--preset--color--base-300);border-right-width:1px;border-left-color:var(--wp--preset--color--base-300);border-left-width:1px;padding-top:var(--wp--preset--spacing--section-y);padding-right:var(--wp--preset--spacing--container-x);padding-bottom:var(--wp--preset--spacing--section-y);padding-left:var(--wp--preset--spacing--container-x)\">\n<h2 class=\"wp-block-heading has-text-align-center is-style-default\" style=\"margin-bottom:40px\">Your Personal Lifestyle Manager \u2013 Always by Your Side<\/h2>\n\n\n\n<p class=\"has-text-align-center\" style=\"margin-bottom:64px\">Rely on a service that understands your needs before you voice them. Trust in a partner who simplifies your life, elevates your experiences \u2013 and turns your every wish into something truly exceptional.<\/p>\n\n\n\n<div class=\"wp-block-buttons alignfull is-content-justification-center is-layout-flex wp-container-core-buttons-is-layout-a89b3969 wp-block-buttons-is-layout-flex\">\n<div class=\"wp-block-button is-style-primary\"><a class=\"wp-block-button__link has-text-align-center wp-element-button\" href=\"https:\/\/www.black-standard.com\/en\/contact\/\">Request Concierge Service<\/a><\/div>\n<\/div>\n<\/div>\n<\/div>\n<\/div><\/div>","protected":false},"excerpt":{"rendered":"<p>Concierge-Service \u2013 diskret, pers\u00f6nlich, grenzenlos. F\u00fcr Menschen, die Luxus nicht als Option, sondern als Anspruch verstehen, ist der Alltag oft so anspruchsvoll wie au\u00dfergew\u00f6hnlich. Unser exklusiver Concierge Service wurde entwickelt, um Ihnen das Leben zu erleichtern und Ihnen die Freiheit zu geben, sich auf das Wesentliche zu konzentrieren: Ihr Business, Ihre Familie oder Ihre pers\u00f6nlichen [&hellip;]<\/p>\n","protected":false},"author":1,"featured_media":0,"parent":0,"menu_order":0,"comment_status":"closed","ping_status":"closed","template":"","meta":{"_seopress_robots_primary_cat":"","_seopress_titles_title":"Concierge Service mit Black Standard | Pers\u00f6nlich, diskret, weltweit","_seopress_titles_desc":"Black Standard bietet 24\/7 Concierge-Service f\u00fcr UHNWIs & Executive Assistants \u2013 pers\u00f6nlich betreut, diskret abgewickelt, weltweit verf\u00fcgbar.","_seopress_robots_index":"","footnotes":""},"class_list":["post-30","page","type-page","status-publish","hentry"],"_links":{"self":[{"href":"https:\/\/www.black-standard.com\/en\/wp-json\/wp\/v2\/pages\/30","targetHints":{"allow":["GET"]}}],"collection":[{"href":"https:\/\/www.black-standard.com\/en\/wp-json\/wp\/v2\/pages"}],"about":[{"href":"https:\/\/www.black-standard.com\/en\/wp-json\/wp\/v2\/types\/page"}],"author":[{"embeddable":true,"href":"https:\/\/www.black-standard.com\/en\/wp-json\/wp\/v2\/users\/1"}],"replies":[{"embeddable":true,"href":"https:\/\/www.black-standard.com\/en\/wp-json\/wp\/v2\/comments?post=30"}],"version-history":[{"count":0,"href":"https:\/\/www.black-standard.com\/en\/wp-json\/wp\/v2\/pages\/30\/revisions"}],"wp:attachment":[{"href":"https:\/\/www.black-standard.com\/en\/wp-json\/wp\/v2\/media?parent=30"}],"curies":[{"name":"wp","href":"https:\/\/api.w.org\/{rel}","templated":true}]}}