{"id":36,"date":"2025-06-12T18:36:38","date_gmt":"2025-06-12T16:36:38","guid":{"rendered":"https:\/\/www.black-standard.com\/?page_id=36"},"modified":"2025-06-21T14:38:23","modified_gmt":"2025-06-21T12:38:23","slug":"imprint","status":"publish","type":"page","link":"https:\/\/www.black-standard.com\/en\/impressum\/","title":{"rendered":"Imprint"},"content":{"rendered":"<div class=\"wp-block-cover alignfull blackstandard-hero\" style=\"padding-top:0;padding-right:0;padding-bottom:0;padding-left:0;min-height:100%;aspect-ratio:unset;\"><img alt=\"Black and brown vertical stripes in the light\" loading=\"lazy\" decoding=\"async\" width=\"2560\" height=\"1760\" class=\"wp-block-cover__image-background wp-image-208 size-full\" src=\"https:\/\/www.black-standard.com\/wp-content\/uploads\/2025\/06\/Black-Gold-Gradient-Texture-Background-2.jpg\" data-object-fit=\"cover\" srcset=\"https:\/\/www.black-standard.com\/wp-content\/uploads\/2025\/06\/Black-Gold-Gradient-Texture-Background-2.jpg 2560w, https:\/\/www.black-standard.com\/wp-content\/uploads\/2025\/06\/Black-Gold-Gradient-Texture-Background-2-300x206.jpg 300w, https:\/\/www.black-standard.com\/wp-content\/uploads\/2025\/06\/Black-Gold-Gradient-Texture-Background-2-1024x704.jpg 1024w, https:\/\/www.black-standard.com\/wp-content\/uploads\/2025\/06\/Black-Gold-Gradient-Texture-Background-2-768x528.jpg 768w, https:\/\/www.black-standard.com\/wp-content\/uploads\/2025\/06\/Black-Gold-Gradient-Texture-Background-2-1536x1056.jpg 1536w, https:\/\/www.black-standard.com\/wp-content\/uploads\/2025\/06\/Black-Gold-Gradient-Texture-Background-2-2048x1408.jpg 2048w, https:\/\/www.black-standard.com\/wp-content\/uploads\/2025\/06\/Black-Gold-Gradient-Texture-Background-2-18x12.jpg 18w\" sizes=\"auto, (max-width: 2560px) 100vw, 2560px\" \/><span aria-hidden=\"true\" class=\"wp-block-cover__background has-black-background-color has-background-dim-0 has-background-dim\"><\/span><div class=\"wp-block-cover__inner-container has-global-padding is-layout-constrained wp-container-core-cover-is-layout-639b5052 wp-block-cover-is-layout-constrained\">\n<div class=\"wp-block-group alignfull has-global-padding is-layout-constrained wp-container-core-group-is-layout-9e8356a7 wp-block-group-is-layout-constrained\" style=\"padding-right:var(--wp--preset--spacing--section-x);padding-left:var(--wp--preset--spacing--section-x)\">\n<div class=\"wp-block-group alignwide is-vertical is-content-justification-center is-layout-flex wp-container-core-group-is-layout-b6d17258 wp-block-group-is-layout-flex\" style=\"border-right-color:var(--wp--preset--color--base-300);border-right-width:1px;border-left-color:var(--wp--preset--color--base-300);border-left-width:1px;padding-top:233px;padding-right:var(--wp--preset--spacing--container-x);padding-bottom:var(--wp--preset--spacing--section-y);padding-left:var(--wp--preset--spacing--container-x)\">\n<h2 class=\"wp-block-heading has-text-align-center is-style-default has-hero-font-size\" style=\"margin-bottom:40px\">Imprint<\/h2>\n<\/div>\n<\/div>\n<\/div><\/div>\n\n\n\n<div class=\"wp-block-group alignfull blackstandard-legal-text has-global-padding is-layout-constrained wp-container-core-group-is-layout-9e8356a7 wp-block-group-is-layout-constrained\" style=\"padding-right:var(--wp--preset--spacing--section-x);padding-left:var(--wp--preset--spacing--section-x)\">\n<div class=\"wp-block-group alignwide has-global-padding is-content-justification-center is-layout-constrained wp-container-core-group-is-layout-861c5d7e wp-block-group-is-layout-constrained\" style=\"border-right-color:var(--wp--preset--color--base-300);border-right-width:1px;border-left-color:var(--wp--preset--color--base-300);border-left-width:1px;padding-top:var(--wp--preset--spacing--section-y);padding-right:var(--wp--preset--spacing--container-x);padding-bottom:var(--wp--preset--spacing--section-y);padding-left:var(--wp--preset--spacing--container-x)\">\n<h1 class=\"wp-block-heading\" style=\"margin-bottom:40px\">Imprint<\/h1>\n\n\n\n<p style=\"margin-bottom:24px\">Information according to \u00a7 5 TMG<\/p>\n\n\n\n<p style=\"margin-bottom:24px\">Black Standard<br>Pfarrer-Benz Street 7<br>76275 Ettlingen<br>Baden-W\u00fcrttemberg<br>Germany<\/p>\n\n\n\n<p style=\"margin-bottom:24px\">Represented by:<br>Felix Spohn<\/p>\n\n\n\n<p style=\"margin-bottom:24px\">Phone: +49 172 6111193<br>E-mail: welcome@black-standard.com<\/p>\n\n\n\n<p>Sales tax identification number according to \u00a7 27a sales tax law: DE438927400<\/p>\n\n\n\n<h2 class=\"wp-block-heading\" style=\"margin-top:64px;margin-bottom:var(--wp--preset--spacing--40)\">Liability for content<\/h2>\n\n\n\n<p>As a service provider, we are responsible for our own content on these pages in accordance with Section 7 (1) TMG (German Telemedia Act) and general legislation. According to \u00a7\u00a7 8 to 10 TMG, however, we are not obliged as a service provider to monitor transmitted or stored third-party information or to investigate circumstances that indicate illegal activity.<br>Obligations to remove or block the use of information in accordance with general legislation remain unaffected by this. However, liability in this respect is only possible from the time we become aware of a specific infringement. As soon as we become aware of such infringements, we will remove this content immediately.<\/p>\n\n\n\n<h2 class=\"wp-block-heading\" style=\"margin-top:64px;margin-bottom:var(--wp--preset--spacing--30)\">Liability for links<\/h2>\n\n\n\n<p style=\"margin-bottom:64px\">Our website contains links to external third-party websites over whose content we have no influence. Therefore, we cannot accept any liability for this third-party content. The respective provider or operator of the pages is always responsible for the content of the linked pages. If we become aware of any legal infringements, we will remove such links immediately.<\/p>\n\n\n\n<h2 class=\"wp-block-heading\" style=\"margin-bottom:24px\">Copyright<\/h2>\n\n\n\n<p style=\"margin-bottom:24px\">The content and works created by the site operators on these pages are subject to German copyright law. Duplication, processing, distribution and any kind of exploitation outside the limits of copyright law require the written consent of the respective author or creator. Downloads and copies of this site are only permitted for private, non-commercial use.<\/p>\n\n\n\n<p>Insofar as content on this site was not created by the operator, the copyrights of third parties are respected. Should you nevertheless become aware of a copyright infringement, please inform us accordingly. If we become aware of any infringements, we will remove such content immediately.<\/p>\n\n\n\n<h2 class=\"wp-block-heading\" style=\"margin-top:64px\">Note pursuant to \u00a7 36<\/h2>\n\n\n\n<p class=\"is-style-extra-large\" style=\"margin-top:4px;margin-bottom:var(--wp--preset--spacing--30)\">Consumer Dispute Settlement Act (VSBG):<\/p>\n\n\n\n<p style=\"margin-bottom:24px\">We are neither obliged nor willing to participate in dispute resolution proceedings before a consumer arbitration board.<\/p>\n\n\n\n<p style=\"margin-bottom:24px\">Platform of the EU Commission for online dispute resolution (OS platform):<br>https:\/\/ec.europa.eu\/consumers\/odr<\/p>\n\n\n\n<p>Our e-mail address is: welcome@black-standard.com<\/p>\n<\/div>\n<\/div>","protected":false},"excerpt":{"rendered":"<p>Impressum Angaben gem\u00e4\u00df \u00a7 5 TMG Black StandardPfarrer-Benz Stra\u00dfe 776275 EttlingenBaden-W\u00fcrttembergDeutschland Vertreten durch:Felix Spohn Telefon: +49 172 6111193E-Mail: welcome@black-standard.com Umsatzsteuer-Identifikationsnummer gem\u00e4\u00df \u00a7\u202f27a Umsatzsteuergesetz: DE438927400 Haftung f\u00fcr Inhalte Als Diensteanbieter sind wir gem\u00e4\u00df \u00a7\u202f7 Abs.\u202f1 TMG f\u00fcr eigene Inhalte auf diesen Seiten nach den allgemeinen Gesetzen verantwortlich. Nach \u00a7\u00a7\u202f8 bis 10 TMG sind wir als Diensteanbieter [&hellip;]<\/p>\n","protected":false},"author":1,"featured_media":0,"parent":0,"menu_order":0,"comment_status":"closed","ping_status":"closed","template":"","meta":{"_seopress_robots_primary_cat":"","_seopress_titles_title":"","_seopress_titles_desc":"","_seopress_robots_index":"","footnotes":""},"class_list":["post-36","page","type-page","status-publish","hentry"],"_links":{"self":[{"href":"https:\/\/www.black-standard.com\/en\/wp-json\/wp\/v2\/pages\/36","targetHints":{"allow":["GET"]}}],"collection":[{"href":"https:\/\/www.black-standard.com\/en\/wp-json\/wp\/v2\/pages"}],"about":[{"href":"https:\/\/www.black-standard.com\/en\/wp-json\/wp\/v2\/types\/page"}],"author":[{"embeddable":true,"href":"https:\/\/www.black-standard.com\/en\/wp-json\/wp\/v2\/users\/1"}],"replies":[{"embeddable":true,"href":"https:\/\/www.black-standard.com\/en\/wp-json\/wp\/v2\/comments?post=36"}],"version-history":[{"count":0,"href":"https:\/\/www.black-standard.com\/en\/wp-json\/wp\/v2\/pages\/36\/revisions"}],"wp:attachment":[{"href":"https:\/\/www.black-standard.com\/en\/wp-json\/wp\/v2\/media?parent=36"}],"curies":[{"name":"wp","href":"https:\/\/api.w.org\/{rel}","templated":true}]}}