{"id":40,"date":"2025-06-12T18:36:48","date_gmt":"2025-06-12T16:36:48","guid":{"rendered":"https:\/\/www.black-standard.com\/?page_id=40"},"modified":"2025-07-03T20:46:48","modified_gmt":"2025-07-03T18:46:48","slug":"contact","status":"publish","type":"page","link":"https:\/\/www.black-standard.com\/en\/kontakt\/","title":{"rendered":"Contact"},"content":{"rendered":"\n<div class=\"wp-block-group alignfull blackstandard-contact has-global-padding is-layout-constrained wp-container-core-group-is-layout-9e8356a7 wp-block-group-is-layout-constrained\" id=\"kontakt\" style=\"padding-right:var(--wp--preset--spacing--section-x);padding-left:var(--wp--preset--spacing--section-x)\">\n<figure class=\"wp-block-image size-full\"><img alt=\"Abstrakte vertikale Streifen, dunkle T\u00f6ne\" loading=\"lazy\" decoding=\"async\" width=\"2560\" height=\"1760\" src=\"https:\/\/www.black-standard.com\/wp-content\/uploads\/2025\/06\/Black-Gold-Gradient-Texture-Background-9.jpg\" alt=\"\" class=\"wp-image-240\" srcset=\"https:\/\/www.black-standard.com\/wp-content\/uploads\/2025\/06\/Black-Gold-Gradient-Texture-Background-9.jpg 2560w, https:\/\/www.black-standard.com\/wp-content\/uploads\/2025\/06\/Black-Gold-Gradient-Texture-Background-9-300x206.jpg 300w, https:\/\/www.black-standard.com\/wp-content\/uploads\/2025\/06\/Black-Gold-Gradient-Texture-Background-9-1024x704.jpg 1024w, https:\/\/www.black-standard.com\/wp-content\/uploads\/2025\/06\/Black-Gold-Gradient-Texture-Background-9-768x528.jpg 768w, https:\/\/www.black-standard.com\/wp-content\/uploads\/2025\/06\/Black-Gold-Gradient-Texture-Background-9-1536x1056.jpg 1536w, https:\/\/www.black-standard.com\/wp-content\/uploads\/2025\/06\/Black-Gold-Gradient-Texture-Background-9-2048x1408.jpg 2048w, https:\/\/www.black-standard.com\/wp-content\/uploads\/2025\/06\/Black-Gold-Gradient-Texture-Background-9-18x12.jpg 18w\" sizes=\"auto, (max-width: 2560px) 100vw, 2560px\" \/><\/figure>\n\n\n\n<div class=\"wp-block-group alignwide has-global-padding is-content-justification-center is-layout-constrained wp-container-core-group-is-layout-deaab17e wp-block-group-is-layout-constrained\" style=\"border-right-color:var(--wp--preset--color--base-300);border-right-width:1px;border-left-color:var(--wp--preset--color--base-300);border-left-width:1px;padding-top:var(--wp--preset--spacing--hero);padding-right:var(--wp--preset--spacing--container-x);padding-bottom:var(--wp--preset--spacing--section-y);padding-left:var(--wp--preset--spacing--container-x)\">\n<div class=\"wp-block-group alignwide is-content-justification-space-between is-layout-flex wp-container-core-group-is-layout-916441b8 wp-block-group-is-layout-flex\">\n<div class=\"wp-block-group has-global-padding is-layout-constrained wp-container-core-group-is-layout-ff125dc0 wp-block-group-is-layout-constrained\">\n<h1 class=\"wp-block-heading is-style-h2\">Wie Sie uns erreichen<\/h1>\n\n\n\n<p class=\"is-style-large\">Am einfachsten ist eine kurze Nachricht \u00fcber unser Kontaktformular. Alternativ koordinieren wir gerne einen vertraulichen R\u00fcckruf zur gew\u00fcnschten Zeit \u2013 pers\u00f6nlich, auf Deutsch oder Englisch.<\/p>\n<\/div>\n\n\n\n<div class=\"wp-block-group has-global-padding is-layout-constrained wp-container-core-group-is-layout-15ac5f22 wp-block-group-is-layout-constrained\">\n<p class=\"is-style-large\">Alle Anfragen werden individuell bearbeitet, niemals automatisiert, und ausschlie\u00dflich von daf\u00fcr vorgesehenen Ansprechpartnern beantwortet. Eine R\u00fcckmeldung erfolgt in der Regel innerhalb k\u00fcrzester Zeit.<\/p>\n<\/div>\n<\/div>\n\n\n\n<div class=\"wp-block-group alignwide is-content-justification-space-between is-layout-flex wp-container-core-group-is-layout-29f9b54b wp-block-group-is-layout-flex\">\n<div class=\"wp-block-group has-global-padding is-layout-constrained wp-container-core-group-is-layout-ff125dc0 wp-block-group-is-layout-constrained\">\n<div style=\"aspect-ratio:1;min-height:unset;\" class=\"wp-block-cover has-custom-content-position is-position-bottom-left blackstandard-contact-cover has-aspect-ratio\"><img loading=\"lazy\" decoding=\"async\" width=\"736\" height=\"1024\" class=\"wp-block-cover__image-background wp-image-600 size-large\" alt=\"Mann im Anzug vor dunklem Hintergrund\" src=\"https:\/\/www.black-standard.com\/wp-content\/uploads\/2025\/06\/image00001-736x1024.jpeg\" style=\"object-position:50% 0%\" data-object-fit=\"cover\" data-object-position=\"50% 0%\" srcset=\"https:\/\/www.black-standard.com\/wp-content\/uploads\/2025\/06\/image00001-736x1024.jpeg 736w, https:\/\/www.black-standard.com\/wp-content\/uploads\/2025\/06\/image00001-216x300.jpeg 216w, https:\/\/www.black-standard.com\/wp-content\/uploads\/2025\/06\/image00001-768x1068.jpeg 768w, https:\/\/www.black-standard.com\/wp-content\/uploads\/2025\/06\/image00001-9x12.jpeg 9w, https:\/\/www.black-standard.com\/wp-content\/uploads\/2025\/06\/image00001.jpeg 1024w\" sizes=\"auto, (max-width: 736px) 100vw, 736px\" \/><span aria-hidden=\"true\" class=\"wp-block-cover__background has-background-dim-0 has-background-dim\" style=\"background-color:#2c2422\"><\/span><div class=\"wp-block-cover__inner-container has-global-padding is-layout-constrained wp-block-cover-is-layout-constrained\">\n<div class=\"wp-block-group is-nowrap is-layout-flex wp-container-core-group-is-layout-37505225 wp-block-group-is-layout-flex\">\n<svg width=\"16\" height=\"16\" viewBox=\"0 0 16 16\" fill=\"none\" xmlns=\"http:\/\/www.w3.org\/2000\/svg\">\n                                <path fill-rule=\"evenodd\" clip-rule=\"evenodd\" d=\"M13.6689 2.32515C12.1648 0.826561 10.1645 0.000842305 8.03341 0C3.64234 0 0.0685552 3.55643 0.0667979 7.92786C0.0662122 9.32521 0.433069 10.6892 1.13018 11.8915L0 16L4.22322 14.8975C5.38679 15.5291 6.69689 15.862 8.03022 15.8625H8.0335C12.4241 15.8625 15.9982 12.3056 16 7.93419C16.0008 5.81573 15.173 3.82374 13.6689 2.32515ZM8.0335 14.5235H8.03079C6.84265 14.523 5.67728 14.2054 4.66067 13.6049L4.41886 13.4621L1.91278 14.1164L2.58171 11.6847L2.42425 11.4354C1.76143 10.3861 1.41135 9.17346 1.41187 7.92836C1.41332 4.295 4.38374 1.33905 8.03612 1.33905C9.80469 1.33972 11.4672 2.02607 12.7174 3.27164C13.9675 4.51722 14.6556 6.17289 14.655 7.93367C14.6534 11.5673 11.6831 14.5235 8.0335 14.5235ZM11.6655 9.58811C11.4664 9.48896 10.4878 9.00969 10.3053 8.94358C10.1229 8.87747 9.99018 8.84442 9.85746 9.04275C9.72477 9.24106 9.34329 9.68729 9.22714 9.81949C9.11105 9.95171 8.99494 9.96825 8.79587 9.86908C8.59682 9.76992 7.95544 9.56075 7.19511 8.88582C6.60338 8.36057 6.20385 7.71178 6.08774 7.51347C5.97163 7.31514 6.0754 7.20791 6.17504 7.10917C6.26458 7.0204 6.37409 6.87779 6.47363 6.76209C6.57314 6.64642 6.60631 6.56378 6.67265 6.43158C6.73902 6.29936 6.70585 6.18367 6.65608 6.08451C6.60631 5.98536 6.20824 5.01027 6.04234 4.61363C5.88078 4.22734 5.71666 4.2796 5.59447 4.27355C5.47849 4.26781 5.34566 4.26658 5.21297 4.26658C5.08026 4.26658 4.86462 4.31617 4.68215 4.51448C4.49969 4.71281 3.98549 5.19208 3.98549 6.16714C3.98549 7.14221 4.69874 8.08421 4.79828 8.21643C4.89779 8.34865 6.2019 10.3496 8.19872 11.2077C8.67364 11.4118 9.04443 11.5337 9.33351 11.6251C9.81038 11.7758 10.2443 11.7545 10.5873 11.7035C10.9697 11.6467 11.765 11.2243 11.9309 10.7615C12.0968 10.2988 12.0968 9.90214 12.047 9.81951C11.9973 9.73688 11.8646 9.68729 11.6655 9.58811Z\" fill=\"white\" \/>\n                            <\/svg>\n\n\n\n<p class=\"has-text-align-center has-large-font-size\"><a href=\"https:\/\/wa.me\/491726111193\">+49 172 6111193<\/a><\/p>\n<\/div>\n<\/div><\/div>\n<\/div>\n\n\n\n<div class=\"wp-block-group has-border-color has-base-300-border-color has-global-padding is-layout-constrained wp-container-core-group-is-layout-1c6bbecd wp-block-group-is-layout-constrained\" style=\"border-width:1px;padding-top:var(--wp--preset--spacing--40);padding-right:32px;padding-bottom:var(--wp--preset--spacing--40);padding-left:32px\">\n<h2 class=\"wp-block-heading is-style-large\">Get in touch<\/h2>\n\n\n<div class='fluentform ff-inherit-theme-style fluentform_wrapper_1  ff_guten_block ff_guten_block-1'><form data-form_id=\"1\" id=\"fluentform_1\" class=\"frm-fluent-form fluent_form_1 ff-el-form-top ff_form_instance_1_1 ff-form-loading ffs_inherit_theme\" data-form_instance=\"ff_form_instance_1_1\" method=\"POST\" ><fieldset  style=\"border: none!important;margin: 0!important;padding: 0!important;background-color: transparent!important;box-shadow: none!important;outline: none!important; min-inline-size: 100%;\">\n                    <legend class=\"ff_screen_reader_title\" style=\"display: block; margin: 0!important;padding: 0!important;height: 0!important;text-indent: -999999px;width: 0!important;overflow:hidden;\">Kontakt<\/legend>        <div\n                style=\"display: none!important; position: absolute!important; transform: translateX(1000%)!important;\"\n                class=\"ff-el-group ff-hpsf-container\"\n        >\n            <div class=\"ff-el-input--label asterisk-right\">\n                <label for=\"ff_1_item_sf\" aria-label=\"Updates\">\n                    Updates                <\/label>\n            <\/div>\n            <div class=\"ff-el-input--content\">\n                <input type=\"text\"\n                       name=\"item_1__fluent_sf\"\n                       class=\"ff-el-form-control\"\n                       id=\"ff_1_item_sf\"\n                \/>\n            <\/div>\n        <\/div>\n                <input type=\"hidden\" id=\"__fluent_protection_token_1\" class=\"fluent-form-token-field\" name=\"__fluent_protection_token_1\">\n        <input type='hidden' name='__fluent_form_embded_post_id' value='40' \/><input type=\"hidden\" id=\"_fluentform_1_fluentformnonce\" name=\"_fluentform_1_fluentformnonce\" value=\"eaccbae12c\" \/><input type=\"hidden\" name=\"_wp_http_referer\" value=\"\/en\/wp-json\/wp\/v2\/pages\/40\" \/><div data-type=\"name-element\" data-name=\"names\" class=\" ff-field_container ff-name-field-wrapper\" ><div class='ff-t-container'><div class='ff-t-cell '><div class='ff-el-group  ff-el-form-hide_label'><div class=\"ff-el-input--label ff-el-is-required asterisk-right\"><label for='ff_1_names_first_name_' id='label_ff_1_names_first_name_' >Vorname<\/label><\/div><div class='ff-el-input--content'><input type=\"text\" name=\"names[first_name]\" id=\"ff_1_names_first_name_\" class=\"ff-el-form-control\" placeholder=\"Vorname\" aria-invalid=\"false\" aria-required=true><\/div><\/div><\/div><div class='ff-t-cell '><div class='ff-el-group  ff-el-form-hide_label'><div class=\"ff-el-input--label ff-el-is-required asterisk-right\"><label for='ff_1_names_last_name_' id='label_ff_1_names_last_name_' >Nachname<\/label><\/div><div class='ff-el-input--content'><input type=\"text\" name=\"names[last_name]\" id=\"ff_1_names_last_name_\" class=\"ff-el-form-control\" placeholder=\"Nachname\" aria-invalid=\"false\" aria-required=true><\/div><\/div><\/div><\/div><\/div><div data-name=\"ff_cn_id_1\"  class='ff-t-container ff-column-container ff_columns_total_2 '><div class='ff-t-cell ff-t-column-1' style='flex-basis: 50%;'><div class='ff-el-group ff-el-form-hide_label'><div class=\"ff-el-input--label asterisk-right\"><label for='ff_1_phone' id='label_ff_1_phone' aria-label=\"Telefon\">Telefon<\/label><\/div><div class='ff-el-input--content'><input name=\"phone\" class=\"ff-el-form-control ff-el-phone\" type=\"tel\" placeholder=\"Telefon\" data-name=\"phone\" id=\"ff_1_phone\" inputmode=\"tel\"  aria-invalid='false' aria-required=false><\/div><\/div><\/div><div class='ff-t-cell ff-t-column-2' style='flex-basis: 50%;'><div class='ff-el-group ff-el-form-hide_label'><div class=\"ff-el-input--label ff-el-is-required asterisk-right\"><label for='ff_1_email_1' id='label_ff_1_email_1' aria-label=\"E-Mail\">E-Mail<\/label><\/div><div class='ff-el-input--content'><input type=\"email\" name=\"email_1\" id=\"ff_1_email_1\" class=\"ff-el-form-control\" placeholder=\"E-Mail Adresse\" data-name=\"email_1\"  aria-invalid=\"false\" aria-required=true><\/div><\/div><\/div><\/div><div class='ff-el-group ff-el-form-hide_label'><div class=\"ff-el-input--label ff-el-is-required asterisk-right\"><label for='ff_1_subject' id='label_ff_1_subject' aria-label=\"Betreff\">Betreff<\/label><\/div><div class='ff-el-input--content'><input type=\"text\" name=\"subject\" class=\"ff-el-form-control\" placeholder=\"Betreff\" data-name=\"subject\" id=\"ff_1_subject\"  aria-invalid=\"false\" aria-required=true><\/div><\/div><div class='ff-el-group ff-el-form-hide_label'><div class=\"ff-el-input--label ff-el-is-required asterisk-right\"><label for='ff_1_message' id='label_ff_1_message' aria-label=\"Nachricht\">Nachricht<\/label><\/div><div class='ff-el-input--content'><textarea aria-required=\"true\" aria-labelledby=\"label_ff_1_message\" name=\"message\" id=\"ff_1_message\" class=\"ff-el-form-control\" placeholder=\"Nachricht\" rows=\"4\" cols=\"2\" data-name=\"message\" ><\/textarea><\/div><\/div><div class='ff-el-group    ff-el-input--content'><div class='ff-el-form-check ff-el-tc'><label aria-label='Terms and Conditions: Ich habe die Datenschutzerkl\u00e4rung gelesen und akzeptiert. Contains 1 link. Use tab navigation to review.' class='ff-el-form-check-label ff_tc_label' for=gdpr-agreement_ca67bfb9d47585a86801c4d053aa4d46><span class='ff_tc_checkbox'><input type=\"checkbox\" name=\"gdpr-agreement\" class=\"ff-el-form-check-input ff_gdpr_field\" data-name=\"gdpr-agreement\" id=\"gdpr-agreement_ca67bfb9d47585a86801c4d053aa4d46\"  value='on' aria-invalid='false' aria-required=true><\/span> <div class='ff_t_c'>Ich habe die <a href=\"\/datenschutz\" target=\"_blank\" rel=\"noopener\">Datenschutzerkl\u00e4rung<\/a> gelesen und akzeptiert.<\/div><\/label><\/div><\/div><div class='ff-el-group ff-text-left wp-block-button is-style-primary ff_submit_btn_wrapper'><button type=\"submit\" class=\"ff-btn ff-btn-submit ff-btn-md wp-element-button ff_btn_no_style\"  aria-label=\"Kontakt aufnehmen\">Kontakt aufnehmen<\/button><\/div><\/fieldset><\/form><div id='fluentform_1_errors' class='ff-errors-in-stack ff_form_instance_1_1 ff-form-loading_errors ff_form_instance_1_1_errors'><\/div><\/div>            <script type=\"text\/javascript\">\n                window.fluent_form_ff_form_instance_1_1 = {\"id\":\"1\",\"settings\":{\"layout\":{\"labelPlacement\":\"top\",\"helpMessagePlacement\":\"with_label\",\"errorMessagePlacement\":\"inline\",\"cssClassName\":\"\",\"asteriskPlacement\":\"asterisk-right\"},\"restrictions\":{\"denyEmptySubmission\":{\"enabled\":false}}},\"form_instance\":\"ff_form_instance_1_1\",\"form_id_selector\":\"fluentform_1\",\"rules\":{\"names[first_name]\":{\"required\":{\"value\":true,\"message\":\"Dieses Feld ist erforderlich\",\"global\":true,\"global_message\":\"Dieses Feld ist erforderlich\"}},\"names[middle_name]\":{\"required\":{\"value\":false,\"message\":\"This field is required\",\"global\":false,\"global_message\":\"Dieses Feld ist erforderlich\"}},\"names[last_name]\":{\"required\":{\"value\":true,\"message\":\"Dieses Feld ist erforderlich\",\"global\":true,\"global_message\":\"Dieses Feld ist erforderlich\"}},\"phone\":{\"required\":{\"value\":false,\"global\":true,\"message\":\"Dieses Feld ist erforderlich\",\"global_message\":\"Dieses Feld ist erforderlich\"},\"valid_phone_number\":{\"value\":false,\"global\":true,\"message\":\"Phone number is not valid\",\"global_message\":\"Phone number is not valid\"}},\"email_1\":{\"required\":{\"value\":true,\"message\":\"Dieses Feld ist erforderlich\",\"global_message\":\"Dieses Feld ist erforderlich\",\"global\":true},\"email\":{\"value\":true,\"message\":\"Dieses Feld muss eine g\\u00fcltige E-Mail-Adresse enthalten\",\"global_message\":\"Dieses Feld muss eine g\\u00fcltige E-Mail-Adresse enthalten\",\"global\":true}},\"subject\":{\"required\":{\"value\":true,\"message\":\"Dieses Feld ist erforderlich\",\"global\":true,\"global_message\":\"Dieses Feld ist erforderlich\"}},\"message\":{\"required\":{\"value\":true,\"message\":\"Dieses Feld ist erforderlich\",\"global\":true,\"global_message\":\"Dieses Feld ist erforderlich\"}},\"gdpr-agreement\":{\"required\":{\"value\":true,\"message\":\"Dieses Feld ist erforderlich\",\"global_message\":\"Dieses Feld ist erforderlich\",\"global\":true}}},\"debounce_time\":300};\n                            <\/script>\n            <\/div>\n<\/div>\n<\/div>\n<\/div>\n\n\n\n<div class=\"wp-block-cover alignfull has-custom-content-position is-position-top-center blackstandard-cta\" style=\"padding-top:0;padding-right:0;padding-bottom:0;padding-left:0;min-height:100%;aspect-ratio:unset;\"><img alt=\"Schatten von vertikalen Linien auf unscharfem Hintergrund.\" loading=\"lazy\" decoding=\"async\" width=\"2560\" height=\"1760\" class=\"wp-block-cover__image-background wp-image-116 size-full\" alt=\"\" src=\"https:\/\/www.black-standard.com\/wp-content\/uploads\/2025\/06\/b083ea1abc080f0d4008366a9a20510bd6309417.jpg\" style=\"object-position:50% 50%\" data-object-fit=\"cover\" data-object-position=\"50% 50%\" srcset=\"https:\/\/www.black-standard.com\/wp-content\/uploads\/2025\/06\/b083ea1abc080f0d4008366a9a20510bd6309417.jpg 2560w, https:\/\/www.black-standard.com\/wp-content\/uploads\/2025\/06\/b083ea1abc080f0d4008366a9a20510bd6309417-300x206.jpg 300w, https:\/\/www.black-standard.com\/wp-content\/uploads\/2025\/06\/b083ea1abc080f0d4008366a9a20510bd6309417-1024x704.jpg 1024w, https:\/\/www.black-standard.com\/wp-content\/uploads\/2025\/06\/b083ea1abc080f0d4008366a9a20510bd6309417-768x528.jpg 768w, https:\/\/www.black-standard.com\/wp-content\/uploads\/2025\/06\/b083ea1abc080f0d4008366a9a20510bd6309417-1536x1056.jpg 1536w, https:\/\/www.black-standard.com\/wp-content\/uploads\/2025\/06\/b083ea1abc080f0d4008366a9a20510bd6309417-2048x1408.jpg 2048w, https:\/\/www.black-standard.com\/wp-content\/uploads\/2025\/06\/b083ea1abc080f0d4008366a9a20510bd6309417-18x12.jpg 18w\" sizes=\"auto, (max-width: 2560px) 100vw, 2560px\" \/><span aria-hidden=\"true\" class=\"wp-block-cover__background has-black-background-color has-background-dim-60 has-background-dim\"><\/span><div class=\"wp-block-cover__inner-container has-global-padding is-layout-constrained wp-container-core-cover-is-layout-639b5052 wp-block-cover-is-layout-constrained\">\n<div class=\"wp-block-group alignfull has-global-padding is-layout-constrained wp-container-core-group-is-layout-9e8356a7 wp-block-group-is-layout-constrained\" style=\"padding-right:var(--wp--preset--spacing--section-x);padding-left:var(--wp--preset--spacing--section-x)\">\n<div class=\"wp-block-group alignwide has-global-padding is-layout-constrained wp-container-core-group-is-layout-0bdc6b1a wp-block-group-is-layout-constrained\" style=\"border-right-color:var(--wp--preset--color--base-300);border-right-width:1px;border-left-color:var(--wp--preset--color--base-300);border-left-width:1px;padding-top:var(--wp--preset--spacing--section-y);padding-right:var(--wp--preset--spacing--container-x);padding-bottom:var(--wp--preset--spacing--section-y);padding-left:var(--wp--preset--spacing--container-x)\">\n<h2 class=\"wp-block-heading has-text-align-center is-style-default\" style=\"margin-bottom:40px\">Jetzt Kontakt aufnehmen \u2013 diskret &amp; pers\u00f6nlich<\/h2>\n\n\n\n<div class=\"wp-block-buttons alignfull is-content-justification-center is-layout-flex wp-container-core-buttons-is-layout-a89b3969 wp-block-buttons-is-layout-flex\">\n<div class=\"wp-block-button is-style-primary\"><a class=\"wp-block-button__link has-text-align-center wp-element-button\" href=\"#kontakt\">Kontaktieren sie Uns<\/a><\/div>\n<\/div>\n<\/div>\n<\/div>\n<\/div><\/div>\n","protected":false},"excerpt":{"rendered":"<p>How to reach us The easiest way is to send us a short message via our contact form. Alternatively, we will be happy to coordinate a confidential callback at the desired time - in person, in German or English. All inquiries are processed individually, never automatically, and are answered exclusively by designated contact persons. Feedback is usually provided within a very short time. Get in touch<\/p>","protected":false},"author":1,"featured_media":0,"parent":0,"menu_order":0,"comment_status":"closed","ping_status":"closed","template":"","meta":{"_seopress_robots_primary_cat":"","_seopress_titles_title":"Kontakt \u2013 Pers\u00f6nlich & vertraulich erreichbar %%sep%% %%sitetitle%%","_seopress_titles_desc":"Black Standard definiert Luxusreisen neu: Ma\u00dfgeschneiderte Private Jet Charter, Yachtreisen, Concierge Services und mehr. Erleben Sie, was es bedeutet, eine Welt jenseits von First Class zu entdecken.","_seopress_robots_index":"","footnotes":""},"class_list":["post-40","page","type-page","status-publish","hentry"],"_links":{"self":[{"href":"https:\/\/www.black-standard.com\/en\/wp-json\/wp\/v2\/pages\/40","targetHints":{"allow":["GET"]}}],"collection":[{"href":"https:\/\/www.black-standard.com\/en\/wp-json\/wp\/v2\/pages"}],"about":[{"href":"https:\/\/www.black-standard.com\/en\/wp-json\/wp\/v2\/types\/page"}],"author":[{"embeddable":true,"href":"https:\/\/www.black-standard.com\/en\/wp-json\/wp\/v2\/users\/1"}],"replies":[{"embeddable":true,"href":"https:\/\/www.black-standard.com\/en\/wp-json\/wp\/v2\/comments?post=40"}],"version-history":[{"count":0,"href":"https:\/\/www.black-standard.com\/en\/wp-json\/wp\/v2\/pages\/40\/revisions"}],"wp:attachment":[{"href":"https:\/\/www.black-standard.com\/en\/wp-json\/wp\/v2\/media?parent=40"}],"curies":[{"name":"wp","href":"https:\/\/api.w.org\/{rel}","templated":true}]}}